{"id":77,"date":"2023-09-18T11:59:38","date_gmt":"2023-09-18T09:59:38","guid":{"rendered":"http:\/\/sk8crew.pl\/?page_id=77"},"modified":"2024-03-14T14:38:13","modified_gmt":"2024-03-14T13:38:13","slug":"o-nas","status":"publish","type":"page","link":"https:\/\/sk8crew.pl\/","title":{"rendered":"O NAS"},"content":{"rendered":"\t\t<div data-elementor-type=\"wp-page\" data-elementor-id=\"77\" class=\"elementor elementor-77\">\n\t\t\t\t\t\t\t<div class=\"elementor-element elementor-element-125cb50 e-con-full e-flex e-con e-parent\" data-id=\"125cb50\" data-element_type=\"container\" data-settings=\"{&quot;content_width&quot;:&quot;full&quot;}\" data-core-v316-plus=\"true\">\n\t\t\t\t<div class=\"elementor-element elementor-element-0eb9333 elementor-widget elementor-widget-image\" data-id=\"0eb9333\" data-element_type=\"widget\" data-widget_type=\"image.default\">\n\t\t\t\t<div class=\"elementor-widget-container\">\n\t\t\t<style>\/*! elementor - v3.16.0 - 14-09-2023 *\/\n.elementor-widget-image{text-align:center}.elementor-widget-image a{display:inline-block}.elementor-widget-image a img[src$=\".svg\"]{width:48px}.elementor-widget-image img{vertical-align:middle;display:inline-block}<\/style>\t\t\t\t\t\t\t\t\t\t\t\t<img loading=\"lazy\" decoding=\"async\" width=\"1024\" height=\"683\" src=\"https:\/\/sk8crew.pl\/wp-content\/uploads\/2023\/09\/tlo.png\" class=\"attachment-large size-large wp-image-69\" alt=\"\" srcset=\"https:\/\/sk8crew.pl\/wp-content\/uploads\/2023\/09\/tlo.png 1024w, https:\/\/sk8crew.pl\/wp-content\/uploads\/2023\/09\/tlo-300x200.png 300w, https:\/\/sk8crew.pl\/wp-content\/uploads\/2023\/09\/tlo-768x512.png 768w, https:\/\/sk8crew.pl\/wp-content\/uploads\/2023\/09\/tlo-1000x667.png 1000w, https:\/\/sk8crew.pl\/wp-content\/uploads\/2023\/09\/tlo-230x153.png 230w, https:\/\/sk8crew.pl\/wp-content\/uploads\/2023\/09\/tlo-350x233.png 350w, https:\/\/sk8crew.pl\/wp-content\/uploads\/2023\/09\/tlo-480x320.png 480w\" sizes=\"auto, (max-width: 1024px) 100vw, 1024px\" \/>\t\t\t\t\t\t\t\t\t\t\t\t\t\t\t<\/div>\n\t\t\t\t<\/div>\n\t\t\t\t<\/div>\n\t\t<div class=\"elementor-element elementor-element-34a506c e-con-full e-flex e-con e-parent\" data-id=\"34a506c\" data-element_type=\"container\" data-settings=\"{&quot;content_width&quot;:&quot;full&quot;}\" data-core-v316-plus=\"true\">\n\t\t\t\t<div class=\"elementor-element elementor-element-43c28afd elementor-widget elementor-widget-heading\" data-id=\"43c28afd\" data-element_type=\"widget\" data-widget_type=\"heading.default\">\n\t\t\t\t<div class=\"elementor-widget-container\">\n\t\t\t<style>\/*! elementor - v3.16.0 - 14-09-2023 *\/\n.elementor-heading-title{padding:0;margin:0;line-height:1}.elementor-widget-heading .elementor-heading-title[class*=elementor-size-]>a{color:inherit;font-size:inherit;line-height:inherit}.elementor-widget-heading .elementor-heading-title.elementor-size-small{font-size:15px}.elementor-widget-heading .elementor-heading-title.elementor-size-medium{font-size:19px}.elementor-widget-heading .elementor-heading-title.elementor-size-large{font-size:29px}.elementor-widget-heading .elementor-heading-title.elementor-size-xl{font-size:39px}.elementor-widget-heading .elementor-heading-title.elementor-size-xxl{font-size:59px}<\/style><h2 class=\"elementor-heading-title elementor-size-default\">SK8CREW to pierwsza w Polsce szk\u00f3\u0142ka deskorolkowa, prowadzona przez profesjonalnych deskorolkowc\u00f3w : Gutek Szyma\u0144ski, Tomek Kotrych, Micha\u0142 Jura\u015b.<br>W \u015bwiecie deskorolki jeste\u015bmy ju\u017c od ponad 25lat. Teraz mo\u017cemy przekaza\u0107 nasz\u0105 pasj\u0119 ka\u017cdemu m\u0142odemu, starszemu, komukolwiek kto rozpoczyna swoj\u0105 przygod\u0119 z deskorolk\u0105 albo komu\u015b kto chce podszkoli\u0107 swoje umiej\u0119tno\u015bci.<br>Ka\u017cdy z nas posiada papiery INSTRUKTORA Polish Skate Federation honorowane przez Ministerstwo Sportu. Staramy si\u0119 wsp\u00f3\u0142pracowa\u0107 z najlepszymi aby nasze zaj\u0119cia by\u0142y na najwy\u017cszym poziomie. Dlatego \"lekcje\" prowadzimy w www.AVEPARK.pl, ca\u0142orocznym obiekcie kt\u00f3ry spe\u0142nia najwy\u017csze europejskie standardy. Poza naszym za\u0142o\u017cycielskim CREW wsp\u00f3\u0142pracujemy z instruktorami : Agata Halikowska, Kamil \"LENNY\" Rozwadowski, Tomek \"TOMI\" Zi\u00f3\u0142kowski. S\u0105 to osoby kt\u00f3re prezentuj\u0105 najwy\u017cszy poziom na Polskiej scenie deskorolkowej, wi\u0119cej o nich w zak\u0142adce FRIENDS.<br>Zapoznaj si\u0119 z naszymi zaj\u0119ciami i zapraszamy do naszego CREW \ud83d\ude42<\/h2>\t\t<\/div>\n\t\t\t\t<\/div>\n\t\t\t\t<\/div>\n\t\t<div class=\"elementor-element elementor-element-494fcee e-flex e-con-boxed e-con e-parent\" data-id=\"494fcee\" data-element_type=\"container\" data-settings=\"{&quot;content_width&quot;:&quot;boxed&quot;}\" data-core-v316-plus=\"true\">\n\t\t\t\t\t<div class=\"e-con-inner\">\n\t\t\t\t<div class=\"elementor-element elementor-element-3b72544 elementor-widget elementor-widget-button\" data-id=\"3b72544\" data-element_type=\"widget\" data-widget_type=\"button.default\">\n\t\t\t\t<div class=\"elementor-widget-container\">\n\t\t\t\t\t<div class=\"elementor-button-wrapper\">\n\t\t\t<a class=\"elementor-button elementor-button-link elementor-size-sm\" href=\"http:\/\/sk8crew.pl\/?page_id=78\">\n\t\t\t\t\t\t<span class=\"elementor-button-content-wrapper\">\n\t\t\t\t\t\t<span class=\"elementor-button-icon elementor-align-icon-right\">\n\t\t\t\t<i aria-hidden=\"true\" class=\"far fa-hand-pointer\"><\/i>\t\t\t<\/span>\n\t\t\t\t\t\t<span class=\"elementor-button-text\">CENNIK - TUTAJ<\/span>\n\t\t<\/span>\n\t\t\t\t\t<\/a>\n\t\t<\/div>\n\t\t\t\t<\/div>\n\t\t\t\t<\/div>\n\t\t\t\t\t<\/div>\n\t\t\t\t<\/div>\n\t\t<div class=\"elementor-element elementor-element-84e817e e-flex e-con-boxed e-con e-parent\" data-id=\"84e817e\" data-element_type=\"container\" data-settings=\"{&quot;content_width&quot;:&quot;boxed&quot;}\" data-core-v316-plus=\"true\">\n\t\t\t\t\t<div class=\"e-con-inner\">\n\t\t\t\t\t<\/div>\n\t\t\t\t<\/div>\n\t\t\t\t\t\t\t<\/div>\n\t\t","protected":false},"excerpt":{"rendered":"<p>SK8CREW to pierwsza w Polsce szk\u00f3\u0142ka deskorolkowa, prowadzona przez profesjonalnych deskorolkowc\u00f3w : Gutek Szyma\u0144ski, Tomek Kotrych, Micha\u0142 Jura\u015b.W \u015bwiecie deskorolki jeste\u015bmy ju\u017c od ponad 25lat. Teraz mo\u017cemy przekaza\u0107 nasz\u0105 pasj\u0119 ka\u017cdemu m\u0142odemu, starszemu, komukolwiek kto rozpoczyna swoj\u0105 przygod\u0119 z deskorolk\u0105 albo komu\u015b kto chce podszkoli\u0107 [&hellip;]<\/p>\n","protected":false},"author":1,"featured_media":0,"parent":0,"menu_order":0,"comment_status":"closed","ping_status":"closed","template":"","meta":{"footnotes":""},"class_list":["post-77","page","type-page","status-publish","hentry"],"_links":{"self":[{"href":"https:\/\/sk8crew.pl\/index.php?rest_route=\/wp\/v2\/pages\/77","targetHints":{"allow":["GET"]}}],"collection":[{"href":"https:\/\/sk8crew.pl\/index.php?rest_route=\/wp\/v2\/pages"}],"about":[{"href":"https:\/\/sk8crew.pl\/index.php?rest_route=\/wp\/v2\/types\/page"}],"author":[{"embeddable":true,"href":"https:\/\/sk8crew.pl\/index.php?rest_route=\/wp\/v2\/users\/1"}],"replies":[{"embeddable":true,"href":"https:\/\/sk8crew.pl\/index.php?rest_route=%2Fwp%2Fv2%2Fcomments&post=77"}],"version-history":[{"count":43,"href":"https:\/\/sk8crew.pl\/index.php?rest_route=\/wp\/v2\/pages\/77\/revisions"}],"predecessor-version":[{"id":1082,"href":"https:\/\/sk8crew.pl\/index.php?rest_route=\/wp\/v2\/pages\/77\/revisions\/1082"}],"wp:attachment":[{"href":"https:\/\/sk8crew.pl\/index.php?rest_route=%2Fwp%2Fv2%2Fmedia&parent=77"}],"curies":[{"name":"wp","href":"https:\/\/api.w.org\/{rel}","templated":true}]}}